{"id":1368,"date":"2022-08-23T23:06:44","date_gmt":"2022-08-23T21:06:44","guid":{"rendered":"https:\/\/lecerfblanc.be\/cest-qui-le-cerf-blanc\/"},"modified":"2023-11-20T10:56:16","modified_gmt":"2023-11-20T09:56:16","slug":"cest-qui-le-cerf-blanc","status":"publish","type":"page","link":"https:\/\/lecerfblanc.be\/nl\/cest-qui-le-cerf-blanc\/","title":{"rendered":"Le Cerf Blanc"},"content":{"rendered":"","protected":false},"excerpt":{"rendered":"","protected":false},"author":2,"featured_media":0,"parent":0,"menu_order":0,"comment_status":"closed","ping_status":"closed","template":"page.php","meta":{"_acf_changed":false,"footnotes":""},"class_list":["post-1368","page","type-page","status-publish","hentry"],"acf":[],"yoast_head":"<!-- This site is optimized with the Yoast SEO plugin v27.3 - https:\/\/yoast.com\/product\/yoast-seo-wordpress\/ -->\n<title>Le Cerf Blanc - Le Cerf Blanc<\/title>\n<meta name=\"description\" content=\"Faire autrement ou honorer une tradition, quatre valeurs guident Le Cerf Blanc : pr\u00e9sence, libert\u00e9 des rituels, beaut\u00e9 et \u00e9coresponsabilit\u00e9.\" \/>\n<meta name=\"robots\" content=\"index, follow, max-snippet:-1, max-image-preview:large, max-video-preview:-1\" \/>\n<link rel=\"canonical\" href=\"https:\/\/lecerfblanc.be\/nl\/cest-qui-le-cerf-blanc\/\" \/>\n<meta property=\"og:locale\" content=\"nl_NL\" \/>\n<meta property=\"og:type\" content=\"article\" \/>\n<meta property=\"og:title\" content=\"Le Cerf Blanc - Le Cerf Blanc\" \/>\n<meta property=\"og:description\" content=\"Faire autrement ou honorer une tradition, quatre valeurs guident Le Cerf Blanc : pr\u00e9sence, libert\u00e9 des rituels, beaut\u00e9 et \u00e9coresponsabilit\u00e9.\" \/>\n<meta property=\"og:url\" content=\"https:\/\/lecerfblanc.be\/nl\/cest-qui-le-cerf-blanc\/\" \/>\n<meta property=\"og:site_name\" content=\"Le Cerf Blanc\" \/>\n<meta property=\"article:modified_time\" content=\"2023-11-20T09:56:16+00:00\" \/>\n<meta property=\"og:image\" content=\"https:\/\/lecerfblanc.be\/wp-content\/uploads\/2022\/04\/logo-lcb.jpg\" \/>\n\t<meta property=\"og:image:width\" content=\"1200\" \/>\n\t<meta property=\"og:image:height\" content=\"800\" \/>\n\t<meta property=\"og:image:type\" content=\"image\/jpeg\" \/>\n<meta name=\"twitter:card\" content=\"summary_large_image\" \/>\n<script type=\"application\/ld+json\" class=\"yoast-schema-graph\">{\"@context\":\"https:\\\/\\\/schema.org\",\"@graph\":[{\"@type\":\"WebPage\",\"@id\":\"https:\\\/\\\/lecerfblanc.be\\\/nl\\\/cest-qui-le-cerf-blanc\\\/\",\"url\":\"https:\\\/\\\/lecerfblanc.be\\\/nl\\\/cest-qui-le-cerf-blanc\\\/\",\"name\":\"Le Cerf Blanc - Le Cerf Blanc\",\"isPartOf\":{\"@id\":\"https:\\\/\\\/lecerfblanc.be\\\/nl\\\/#website\"},\"datePublished\":\"2022-08-23T21:06:44+00:00\",\"dateModified\":\"2023-11-20T09:56:16+00:00\",\"description\":\"Faire autrement ou honorer une tradition, quatre valeurs guident Le Cerf Blanc : pr\u00e9sence, libert\u00e9 des rituels, beaut\u00e9 et \u00e9coresponsabilit\u00e9.\",\"breadcrumb\":{\"@id\":\"https:\\\/\\\/lecerfblanc.be\\\/nl\\\/cest-qui-le-cerf-blanc\\\/#breadcrumb\"},\"inLanguage\":\"nl-NL\",\"potentialAction\":[{\"@type\":\"ReadAction\",\"target\":[\"https:\\\/\\\/lecerfblanc.be\\\/nl\\\/cest-qui-le-cerf-blanc\\\/\"]}]},{\"@type\":\"BreadcrumbList\",\"@id\":\"https:\\\/\\\/lecerfblanc.be\\\/nl\\\/cest-qui-le-cerf-blanc\\\/#breadcrumb\",\"itemListElement\":[{\"@type\":\"ListItem\",\"position\":1,\"name\":\"Accueil\",\"item\":\"https:\\\/\\\/lecerfblanc.be\\\/nl\\\/\"},{\"@type\":\"ListItem\",\"position\":2,\"name\":\"Le Cerf Blanc\"}]},{\"@type\":\"WebSite\",\"@id\":\"https:\\\/\\\/lecerfblanc.be\\\/nl\\\/#website\",\"url\":\"https:\\\/\\\/lecerfblanc.be\\\/nl\\\/\",\"name\":\"Le Cerf Blanc\",\"description\":\"Beaut\u00e9 fun\u00e9raire\",\"publisher\":{\"@id\":\"https:\\\/\\\/lecerfblanc.be\\\/nl\\\/#organization\"},\"potentialAction\":[{\"@type\":\"SearchAction\",\"target\":{\"@type\":\"EntryPoint\",\"urlTemplate\":\"https:\\\/\\\/lecerfblanc.be\\\/nl\\\/?s={search_term_string}\"},\"query-input\":{\"@type\":\"PropertyValueSpecification\",\"valueRequired\":true,\"valueName\":\"search_term_string\"}}],\"inLanguage\":\"nl-NL\"},{\"@type\":\"Organization\",\"@id\":\"https:\\\/\\\/lecerfblanc.be\\\/nl\\\/#organization\",\"name\":\"Le cerf blanc\",\"url\":\"https:\\\/\\\/lecerfblanc.be\\\/nl\\\/\",\"logo\":{\"@type\":\"ImageObject\",\"inLanguage\":\"nl-NL\",\"@id\":\"https:\\\/\\\/lecerfblanc.be\\\/nl\\\/#\\\/schema\\\/logo\\\/image\\\/\",\"url\":\"https:\\\/\\\/lecerfblanc.be\\\/wp-content\\\/uploads\\\/2022\\\/04\\\/logo-lcb.jpg\",\"contentUrl\":\"https:\\\/\\\/lecerfblanc.be\\\/wp-content\\\/uploads\\\/2022\\\/04\\\/logo-lcb.jpg\",\"width\":1200,\"height\":800,\"caption\":\"Le cerf blanc\"},\"image\":{\"@id\":\"https:\\\/\\\/lecerfblanc.be\\\/nl\\\/#\\\/schema\\\/logo\\\/image\\\/\"},\"sameAs\":[\"https:\\\/\\\/www.instagram.com\\\/katehouben\\\/\"]}]}<\/script>\n<!-- \/ Yoast SEO plugin. -->","yoast_head_json":{"title":"Le Cerf Blanc - Le Cerf Blanc","description":"Faire autrement ou honorer une tradition, quatre valeurs guident Le Cerf Blanc : pr\u00e9sence, libert\u00e9 des rituels, beaut\u00e9 et \u00e9coresponsabilit\u00e9.","robots":{"index":"index","follow":"follow","max-snippet":"max-snippet:-1","max-image-preview":"max-image-preview:large","max-video-preview":"max-video-preview:-1"},"canonical":"https:\/\/lecerfblanc.be\/nl\/cest-qui-le-cerf-blanc\/","og_locale":"nl_NL","og_type":"article","og_title":"Le Cerf Blanc - Le Cerf Blanc","og_description":"Faire autrement ou honorer une tradition, quatre valeurs guident Le Cerf Blanc : pr\u00e9sence, libert\u00e9 des rituels, beaut\u00e9 et \u00e9coresponsabilit\u00e9.","og_url":"https:\/\/lecerfblanc.be\/nl\/cest-qui-le-cerf-blanc\/","og_site_name":"Le Cerf Blanc","article_modified_time":"2023-11-20T09:56:16+00:00","og_image":[{"width":1200,"height":800,"url":"https:\/\/lecerfblanc.be\/wp-content\/uploads\/2022\/04\/logo-lcb.jpg","type":"image\/jpeg"}],"twitter_card":"summary_large_image","schema":{"@context":"https:\/\/schema.org","@graph":[{"@type":"WebPage","@id":"https:\/\/lecerfblanc.be\/nl\/cest-qui-le-cerf-blanc\/","url":"https:\/\/lecerfblanc.be\/nl\/cest-qui-le-cerf-blanc\/","name":"Le Cerf Blanc - Le Cerf Blanc","isPartOf":{"@id":"https:\/\/lecerfblanc.be\/nl\/#website"},"datePublished":"2022-08-23T21:06:44+00:00","dateModified":"2023-11-20T09:56:16+00:00","description":"Faire autrement ou honorer une tradition, quatre valeurs guident Le Cerf Blanc : pr\u00e9sence, libert\u00e9 des rituels, beaut\u00e9 et \u00e9coresponsabilit\u00e9.","breadcrumb":{"@id":"https:\/\/lecerfblanc.be\/nl\/cest-qui-le-cerf-blanc\/#breadcrumb"},"inLanguage":"nl-NL","potentialAction":[{"@type":"ReadAction","target":["https:\/\/lecerfblanc.be\/nl\/cest-qui-le-cerf-blanc\/"]}]},{"@type":"BreadcrumbList","@id":"https:\/\/lecerfblanc.be\/nl\/cest-qui-le-cerf-blanc\/#breadcrumb","itemListElement":[{"@type":"ListItem","position":1,"name":"Accueil","item":"https:\/\/lecerfblanc.be\/nl\/"},{"@type":"ListItem","position":2,"name":"Le Cerf Blanc"}]},{"@type":"WebSite","@id":"https:\/\/lecerfblanc.be\/nl\/#website","url":"https:\/\/lecerfblanc.be\/nl\/","name":"Le Cerf Blanc","description":"Beaut\u00e9 fun\u00e9raire","publisher":{"@id":"https:\/\/lecerfblanc.be\/nl\/#organization"},"potentialAction":[{"@type":"SearchAction","target":{"@type":"EntryPoint","urlTemplate":"https:\/\/lecerfblanc.be\/nl\/?s={search_term_string}"},"query-input":{"@type":"PropertyValueSpecification","valueRequired":true,"valueName":"search_term_string"}}],"inLanguage":"nl-NL"},{"@type":"Organization","@id":"https:\/\/lecerfblanc.be\/nl\/#organization","name":"Le cerf blanc","url":"https:\/\/lecerfblanc.be\/nl\/","logo":{"@type":"ImageObject","inLanguage":"nl-NL","@id":"https:\/\/lecerfblanc.be\/nl\/#\/schema\/logo\/image\/","url":"https:\/\/lecerfblanc.be\/wp-content\/uploads\/2022\/04\/logo-lcb.jpg","contentUrl":"https:\/\/lecerfblanc.be\/wp-content\/uploads\/2022\/04\/logo-lcb.jpg","width":1200,"height":800,"caption":"Le cerf blanc"},"image":{"@id":"https:\/\/lecerfblanc.be\/nl\/#\/schema\/logo\/image\/"},"sameAs":["https:\/\/www.instagram.com\/katehouben\/"]}]}},"_links":{"self":[{"href":"https:\/\/lecerfblanc.be\/nl\/wp-json\/wp\/v2\/pages\/1368","targetHints":{"allow":["GET"]}}],"collection":[{"href":"https:\/\/lecerfblanc.be\/nl\/wp-json\/wp\/v2\/pages"}],"about":[{"href":"https:\/\/lecerfblanc.be\/nl\/wp-json\/wp\/v2\/types\/page"}],"author":[{"embeddable":true,"href":"https:\/\/lecerfblanc.be\/nl\/wp-json\/wp\/v2\/users\/2"}],"replies":[{"embeddable":true,"href":"https:\/\/lecerfblanc.be\/nl\/wp-json\/wp\/v2\/comments?post=1368"}],"version-history":[{"count":3,"href":"https:\/\/lecerfblanc.be\/nl\/wp-json\/wp\/v2\/pages\/1368\/revisions"}],"predecessor-version":[{"id":1658,"href":"https:\/\/lecerfblanc.be\/nl\/wp-json\/wp\/v2\/pages\/1368\/revisions\/1658"}],"wp:attachment":[{"href":"https:\/\/lecerfblanc.be\/nl\/wp-json\/wp\/v2\/media?parent=1368"}],"curies":[{"name":"wp","href":"https:\/\/api.w.org\/{rel}","templated":true}]}}